{"id":15561,"date":"2021-10-14T23:02:31","date_gmt":"2021-10-14T20:02:31","guid":{"rendered":"http:\/\/www.sinusarastirma.com.tr\/ekibimiz\/"},"modified":"2024-04-29T13:14:25","modified_gmt":"2024-04-29T10:14:25","slug":"our-teams","status":"publish","type":"page","link":"https:\/\/www.sinusarastirma.com.tr\/en\/our-teams\/","title":{"rendered":"Our Teams"},"content":{"rendered":"\t\t<div data-elementor-type=\"wp-page\" data-elementor-id=\"15561\" class=\"elementor elementor-15561\" data-elementor-settings=\"[]\">\n\t\t\t\t\t\t\t<div class=\"elementor-section-wrap\">\n\t\t\t\t\t\t\t<section class=\"elementor-section elementor-top-section elementor-element elementor-element-420010c elementor-section-boxed elementor-section-height-default elementor-section-height-default\" data-id=\"420010c\" data-element_type=\"section\" data-settings=\"{&quot;background_background&quot;:&quot;classic&quot;,&quot;_ha_eqh_enable&quot;:false}\">\n\t\t\t\t\t\t<div class=\"elementor-container elementor-column-gap-default\">\n\t\t\t\t\t<div class=\"elementor-column elementor-col-100 elementor-top-column elementor-element elementor-element-a43df83\" data-id=\"a43df83\" data-element_type=\"column\">\n\t\t\t<div class=\"elementor-widget-wrap elementor-element-populated\">\n\t\t\t\t\t\t\t\t<div class=\"elementor-element elementor-element-77abd65 elementor-widget elementor-widget-heading\" data-id=\"77abd65\" data-element_type=\"widget\" data-widget_type=\"heading.default\">\n\t\t\t\t<div class=\"elementor-widget-container\">\n\t\t\t<h2 class=\"elementor-heading-title elementor-size-default\">We are a team pursues endless innovation in the medical world and excited to see the positive impact and hope that each new invention creates among physicians and patient groups.<\/h2>\t\t<\/div>\n\t\t\t\t<\/div>\n\t\t\t\t\t<\/div>\n\t\t<\/div>\n\t\t\t\t\t\t\t<\/div>\n\t\t<\/section>\n\t\t\t\t<section class=\"elementor-section elementor-top-section elementor-element elementor-element-9836a36 elementor-section-boxed elementor-section-height-default elementor-section-height-default\" data-id=\"9836a36\" data-element_type=\"section\" data-settings=\"{&quot;background_background&quot;:&quot;classic&quot;,&quot;_ha_eqh_enable&quot;:false}\">\n\t\t\t\t\t\t<div class=\"elementor-container elementor-column-gap-default\">\n\t\t\t\t\t<div class=\"elementor-column elementor-col-100 elementor-top-column elementor-element elementor-element-633ef74\" data-id=\"633ef74\" data-element_type=\"column\">\n\t\t\t<div class=\"elementor-widget-wrap elementor-element-populated\">\n\t\t\t\t\t\t\t\t<section class=\"elementor-section elementor-inner-section elementor-element elementor-element-9dd20cc elementor-section-full_width elementor-section-height-default elementor-section-height-default\" data-id=\"9dd20cc\" data-element_type=\"section\" data-settings=\"{&quot;_ha_eqh_enable&quot;:false}\">\n\t\t\t\t\t\t<div class=\"elementor-container elementor-column-gap-default\">\n\t\t\t\t\t<div class=\"elementor-column elementor-col-100 elementor-inner-column elementor-element elementor-element-6ab1512\" data-id=\"6ab1512\" data-element_type=\"column\">\n\t\t\t<div class=\"elementor-widget-wrap elementor-element-populated\">\n\t\t\t\t\t\t\t\t<div class=\"elementor-element elementor-element-464aaf6 elementor-widget elementor-widget-image\" data-id=\"464aaf6\" data-element_type=\"widget\" data-widget_type=\"image.default\">\n\t\t\t\t<div class=\"elementor-widget-container\">\n\t\t\t\t\t\t\t\t\t\t\t\t\t\t\t<img width=\"974\" height=\"186\" src=\"https:\/\/www.sinusarastirma.com.tr\/wp-content\/uploads\/2021\/09\/Logo-Blue.png\" class=\"attachment-full size-full\" alt=\"\" loading=\"lazy\" srcset=\"https:\/\/www.sinusarastirma.com.tr\/wp-content\/uploads\/2021\/09\/Logo-Blue.png 974w, https:\/\/www.sinusarastirma.com.tr\/wp-content\/uploads\/2021\/09\/Logo-Blue-300x57.png 300w, https:\/\/www.sinusarastirma.com.tr\/wp-content\/uploads\/2021\/09\/Logo-Blue-768x147.png 768w\" sizes=\"(max-width: 974px) 100vw, 974px\" \/>\t\t\t\t\t\t\t\t\t\t\t\t\t\t\t<\/div>\n\t\t\t\t<\/div>\n\t\t\t\t\t<\/div>\n\t\t<\/div>\n\t\t\t\t\t\t\t<\/div>\n\t\t<\/section>\n\t\t\t\t<section class=\"elementor-section elementor-inner-section elementor-element elementor-element-70e2e8b elementor-reverse-tablet elementor-reverse-mobile elementor-section-boxed elementor-section-height-default elementor-section-height-default\" data-id=\"70e2e8b\" data-element_type=\"section\" data-settings=\"{&quot;background_background&quot;:&quot;classic&quot;,&quot;_ha_eqh_enable&quot;:false}\">\n\t\t\t\t\t\t<div class=\"elementor-container elementor-column-gap-default\">\n\t\t\t\t\t<div class=\"elementor-column elementor-col-50 elementor-inner-column elementor-element elementor-element-63836ca\" data-id=\"63836ca\" data-element_type=\"column\">\n\t\t\t<div class=\"elementor-widget-wrap elementor-element-populated\">\n\t\t\t\t\t\t\t\t<div class=\"elementor-element elementor-element-1fe7fe1 elementor-widget elementor-widget-heading\" data-id=\"1fe7fe1\" data-element_type=\"widget\" data-widget_type=\"heading.default\">\n\t\t\t\t<div class=\"elementor-widget-container\">\n\t\t\t<h2 class=\"elementor-heading-title elementor-size-default\">Nurg\u00fcl <b>CAMEKAN<\/b><\/h2>\t\t<\/div>\n\t\t\t\t<\/div>\n\t\t\t\t<div class=\"elementor-element elementor-element-cd9e316 elementor-widget elementor-widget-heading\" data-id=\"cd9e316\" data-element_type=\"widget\" data-widget_type=\"heading.default\">\n\t\t\t\t<div class=\"elementor-widget-container\">\n\t\t\t<h2 class=\"elementor-heading-title elementor-size-default\">Managing Director<\/h2>\t\t<\/div>\n\t\t\t\t<\/div>\n\t\t\t\t<div class=\"elementor-element elementor-element-746a534 elementor-widget elementor-widget-heading\" data-id=\"746a534\" data-element_type=\"widget\" data-widget_type=\"heading.default\">\n\t\t\t\t<div class=\"elementor-widget-container\">\n\t\t\t<h2 class=\"elementor-heading-title elementor-size-default\">As a founding partner of Sinus Research, she has 20 years of experience in fieldwork organizations and quality audits in both quantitative and qualitative research. \n<br><br>\nShe takes an active role in the control of fieldwork and data reliability audits carried out in all indications, and the realization of projects according to GAB, ESOMAR and ISO criteria. \n<br><br>\nShe has a huge operational experience in all therapeutic areas conducted with healthcare professionals, patients and caregivers in terms of recruitment and interviewing.<\/h2>\t\t<\/div>\n\t\t\t\t<\/div>\n\t\t\t\t\t<\/div>\n\t\t<\/div>\n\t\t\t\t<div class=\"elementor-column elementor-col-50 elementor-inner-column elementor-element elementor-element-9d8cae4\" data-id=\"9d8cae4\" data-element_type=\"column\">\n\t\t\t<div class=\"elementor-widget-wrap elementor-element-populated\">\n\t\t\t\t\t\t\t\t<div class=\"elementor-element elementor-element-27964d9 elementor-widget elementor-widget-image\" data-id=\"27964d9\" data-element_type=\"widget\" data-widget_type=\"image.default\">\n\t\t\t\t<div class=\"elementor-widget-container\">\n\t\t\t\t\t\t\t\t\t\t\t\t\t\t\t<img width=\"700\" height=\"700\" src=\"https:\/\/www.sinusarastirma.com.tr\/wp-content\/uploads\/2021\/10\/nn.png\" class=\"attachment-full size-full\" alt=\"\" loading=\"lazy\" srcset=\"https:\/\/www.sinusarastirma.com.tr\/wp-content\/uploads\/2021\/10\/nn.png 700w, https:\/\/www.sinusarastirma.com.tr\/wp-content\/uploads\/2021\/10\/nn-300x300.png 300w, https:\/\/www.sinusarastirma.com.tr\/wp-content\/uploads\/2021\/10\/nn-150x150.png 150w, https:\/\/www.sinusarastirma.com.tr\/wp-content\/uploads\/2021\/10\/nn-400x400.png 400w, https:\/\/www.sinusarastirma.com.tr\/wp-content\/uploads\/2021\/10\/nn-75x75.png 75w, https:\/\/www.sinusarastirma.com.tr\/wp-content\/uploads\/2021\/10\/nn-460x460.png 460w\" sizes=\"(max-width: 700px) 100vw, 700px\" \/>\t\t\t\t\t\t\t\t\t\t\t\t\t\t\t<\/div>\n\t\t\t\t<\/div>\n\t\t\t\t\t<\/div>\n\t\t<\/div>\n\t\t\t\t\t\t\t<\/div>\n\t\t<\/section>\n\t\t\t\t<section class=\"elementor-section elementor-inner-section elementor-element elementor-element-78d0978 elementor-reverse-tablet elementor-reverse-mobile elementor-section-boxed elementor-section-height-default elementor-section-height-default\" data-id=\"78d0978\" data-element_type=\"section\" data-settings=\"{&quot;background_background&quot;:&quot;classic&quot;,&quot;_ha_eqh_enable&quot;:false}\">\n\t\t\t\t\t\t<div class=\"elementor-container elementor-column-gap-default\">\n\t\t\t\t\t<div class=\"elementor-column elementor-col-50 elementor-inner-column elementor-element elementor-element-fef0e34\" data-id=\"fef0e34\" data-element_type=\"column\">\n\t\t\t<div class=\"elementor-widget-wrap elementor-element-populated\">\n\t\t\t\t\t\t\t\t<div class=\"elementor-element elementor-element-b47bee6 elementor-widget elementor-widget-heading\" data-id=\"b47bee6\" data-element_type=\"widget\" data-widget_type=\"heading.default\">\n\t\t\t\t<div class=\"elementor-widget-container\">\n\t\t\t<h2 class=\"elementor-heading-title elementor-size-default\">Berna <b>KAVAS<\/b><\/h2>\t\t<\/div>\n\t\t\t\t<\/div>\n\t\t\t\t<div class=\"elementor-element elementor-element-d41f093 elementor-widget elementor-widget-heading\" data-id=\"d41f093\" data-element_type=\"widget\" data-widget_type=\"heading.default\">\n\t\t\t\t<div class=\"elementor-widget-container\">\n\t\t\t<h2 class=\"elementor-heading-title elementor-size-default\">Research Director<\/h2>\t\t<\/div>\n\t\t\t\t<\/div>\n\t\t\t\t<div class=\"elementor-element elementor-element-fd74993 elementor-widget elementor-widget-heading\" data-id=\"fd74993\" data-element_type=\"widget\" data-widget_type=\"heading.default\">\n\t\t\t\t<div class=\"elementor-widget-container\">\n\t\t\t<h2 class=\"elementor-heading-title elementor-size-default\">A graduate of Istanbul University, she started to work in healthcare sector, pharma manufacturer companies, advertising agencies and multinational research companies.\n<br><br>\nShe has more than 20 years of experience on healthcare and FMCG sectors and quantitative and qualitative research methods as she\u2019s an accredited moderator at ethnography. \n<br><br>\nIn healthcare research, she has experience in different therapeutic areas with different target groups (physicians, pharmacists, patients, caregivers, KOLs, nurses, pharma warehouses, medical device shops and etc). \n<br><br>\nShe managed many projects only in healthcare sector within last 15 years and supported pharma companies in their communication and marketing strategies.<\/h2>\t\t<\/div>\n\t\t\t\t<\/div>\n\t\t\t\t\t<\/div>\n\t\t<\/div>\n\t\t\t\t<div class=\"elementor-column elementor-col-50 elementor-inner-column elementor-element elementor-element-c5a09bd\" data-id=\"c5a09bd\" data-element_type=\"column\">\n\t\t\t<div class=\"elementor-widget-wrap elementor-element-populated\">\n\t\t\t\t\t\t\t\t<div class=\"elementor-element elementor-element-5b77f2c elementor-widget elementor-widget-image\" data-id=\"5b77f2c\" data-element_type=\"widget\" data-widget_type=\"image.default\">\n\t\t\t\t<div class=\"elementor-widget-container\">\n\t\t\t\t\t\t\t\t\t\t\t\t\t\t\t<img width=\"291\" height=\"346\" src=\"https:\/\/www.sinusarastirma.com.tr\/wp-content\/uploads\/2021\/11\/Ekran-Resmi-2021-11-07-11.16.49.png\" class=\"attachment-full size-full\" alt=\"\" loading=\"lazy\" srcset=\"https:\/\/www.sinusarastirma.com.tr\/wp-content\/uploads\/2021\/11\/Ekran-Resmi-2021-11-07-11.16.49.png 291w, https:\/\/www.sinusarastirma.com.tr\/wp-content\/uploads\/2021\/11\/Ekran-Resmi-2021-11-07-11.16.49-252x300.png 252w\" sizes=\"(max-width: 291px) 100vw, 291px\" \/>\t\t\t\t\t\t\t\t\t\t\t\t\t\t\t<\/div>\n\t\t\t\t<\/div>\n\t\t\t\t\t<\/div>\n\t\t<\/div>\n\t\t\t\t\t\t\t<\/div>\n\t\t<\/section>\n\t\t\t\t<section class=\"elementor-section elementor-inner-section elementor-element elementor-element-654273f elementor-reverse-tablet elementor-reverse-mobile elementor-section-boxed elementor-section-height-default elementor-section-height-default\" data-id=\"654273f\" data-element_type=\"section\" data-settings=\"{&quot;background_background&quot;:&quot;classic&quot;,&quot;_ha_eqh_enable&quot;:false}\">\n\t\t\t\t\t\t<div class=\"elementor-container elementor-column-gap-default\">\n\t\t\t\t\t<div class=\"elementor-column elementor-col-50 elementor-inner-column elementor-element elementor-element-9371655\" data-id=\"9371655\" data-element_type=\"column\">\n\t\t\t<div class=\"elementor-widget-wrap elementor-element-populated\">\n\t\t\t\t\t\t\t\t<div class=\"elementor-element elementor-element-0c21cbf elementor-widget elementor-widget-heading\" data-id=\"0c21cbf\" data-element_type=\"widget\" data-widget_type=\"heading.default\">\n\t\t\t\t<div class=\"elementor-widget-container\">\n\t\t\t<h2 class=\"elementor-heading-title elementor-size-default\">Kenan <b>CAMEKAN<\/b><\/h2>\t\t<\/div>\n\t\t\t\t<\/div>\n\t\t\t\t<div class=\"elementor-element elementor-element-9eba040 elementor-widget elementor-widget-heading\" data-id=\"9eba040\" data-element_type=\"widget\" data-widget_type=\"heading.default\">\n\t\t\t\t<div class=\"elementor-widget-container\">\n\t\t\t<h2 class=\"elementor-heading-title elementor-size-default\">Business Development Director<\/h2>\t\t<\/div>\n\t\t\t\t<\/div>\n\t\t\t\t<div class=\"elementor-element elementor-element-9eb7e21 elementor-widget elementor-widget-heading\" data-id=\"9eb7e21\" data-element_type=\"widget\" data-widget_type=\"heading.default\">\n\t\t\t\t<div class=\"elementor-widget-container\">\n\t\t\t<h2 class=\"elementor-heading-title elementor-size-default\">As a founding partner of Sinus Research, he has 20 years of experience in fieldwork organizations in both quantitative and qualitative research. \n<br><br>\nHe has carried out projects in different therapeutic areas with all healthcare professionals (doctor, pharmacist, opinion leaders, purchasing specialists, nurses, patient caregivers), patients \/ caregivers in different indications, medical equipment companies, pharmaceutical warehouses in the healthcare sector. \n<br><br>\nHe provides support to pharmaceutical manufacturers in the field of research by carrying out many projects in health research with his experience in field management, recruitment and quality management in all provinces of Turkey.<\/h2>\t\t<\/div>\n\t\t\t\t<\/div>\n\t\t\t\t\t<\/div>\n\t\t<\/div>\n\t\t\t\t<div class=\"elementor-column elementor-col-50 elementor-inner-column elementor-element elementor-element-a77f554\" data-id=\"a77f554\" data-element_type=\"column\">\n\t\t\t<div class=\"elementor-widget-wrap elementor-element-populated\">\n\t\t\t\t\t\t\t\t<div class=\"elementor-element elementor-element-3eb2700 elementor-widget elementor-widget-image\" data-id=\"3eb2700\" data-element_type=\"widget\" data-widget_type=\"image.default\">\n\t\t\t\t<div class=\"elementor-widget-container\">\n\t\t\t\t\t\t\t\t\t\t\t\t\t\t\t<img width=\"700\" height=\"700\" src=\"https:\/\/www.sinusarastirma.com.tr\/wp-content\/uploads\/2021\/10\/kkk.png\" class=\"attachment-full size-full\" alt=\"\" loading=\"lazy\" srcset=\"https:\/\/www.sinusarastirma.com.tr\/wp-content\/uploads\/2021\/10\/kkk.png 700w, https:\/\/www.sinusarastirma.com.tr\/wp-content\/uploads\/2021\/10\/kkk-300x300.png 300w, https:\/\/www.sinusarastirma.com.tr\/wp-content\/uploads\/2021\/10\/kkk-150x150.png 150w, https:\/\/www.sinusarastirma.com.tr\/wp-content\/uploads\/2021\/10\/kkk-400x400.png 400w, https:\/\/www.sinusarastirma.com.tr\/wp-content\/uploads\/2021\/10\/kkk-75x75.png 75w, https:\/\/www.sinusarastirma.com.tr\/wp-content\/uploads\/2021\/10\/kkk-460x460.png 460w\" sizes=\"(max-width: 700px) 100vw, 700px\" \/>\t\t\t\t\t\t\t\t\t\t\t\t\t\t\t<\/div>\n\t\t\t\t<\/div>\n\t\t\t\t\t<\/div>\n\t\t<\/div>\n\t\t\t\t\t\t\t<\/div>\n\t\t<\/section>\n\t\t\t\t<section class=\"elementor-section elementor-inner-section elementor-element elementor-element-411af04 elementor-reverse-tablet elementor-reverse-mobile elementor-section-boxed elementor-section-height-default elementor-section-height-default\" data-id=\"411af04\" data-element_type=\"section\" data-settings=\"{&quot;background_background&quot;:&quot;classic&quot;,&quot;_ha_eqh_enable&quot;:false}\">\n\t\t\t\t\t\t<div class=\"elementor-container elementor-column-gap-default\">\n\t\t\t\t\t<div class=\"elementor-column elementor-col-50 elementor-inner-column elementor-element elementor-element-cf13854\" data-id=\"cf13854\" data-element_type=\"column\">\n\t\t\t<div class=\"elementor-widget-wrap elementor-element-populated\">\n\t\t\t\t\t\t\t\t<div class=\"elementor-element elementor-element-31f95b7 elementor-widget elementor-widget-heading\" data-id=\"31f95b7\" data-element_type=\"widget\" data-widget_type=\"heading.default\">\n\t\t\t\t<div class=\"elementor-widget-container\">\n\t\t\t<h2 class=\"elementor-heading-title elementor-size-default\">Nursemin <b>FIRAT<\/b><\/h2>\t\t<\/div>\n\t\t\t\t<\/div>\n\t\t\t\t<div class=\"elementor-element elementor-element-14e355d elementor-widget elementor-widget-heading\" data-id=\"14e355d\" data-element_type=\"widget\" data-widget_type=\"heading.default\">\n\t\t\t\t<div class=\"elementor-widget-container\">\n\t\t\t<h2 class=\"elementor-heading-title elementor-size-default\">Operation and Qality Control Management<\/h2>\t\t<\/div>\n\t\t\t\t<\/div>\n\t\t\t\t<div class=\"elementor-element elementor-element-fd76e3b elementor-widget elementor-widget-heading\" data-id=\"fd76e3b\" data-element_type=\"widget\" data-widget_type=\"heading.default\">\n\t\t\t\t<div class=\"elementor-widget-container\">\n\t\t\t<h2 class=\"elementor-heading-title elementor-size-default\">After a graduate of Uluda\u011f University Imports and Exports department she continued her academic life in Trakya University German Teaching department. She started to teach in middle and highschools after her last graduation.\n<br><br>\nShe continued her business life in research companies with the role of auditing the fieldwork processes and quality management.\n<br><br>\nShe has the role of operation coordinator and quality control management in Sinus Research.<\/h2>\t\t<\/div>\n\t\t\t\t<\/div>\n\t\t\t\t\t<\/div>\n\t\t<\/div>\n\t\t\t\t<div class=\"elementor-column elementor-col-50 elementor-inner-column elementor-element elementor-element-34d9b1b\" data-id=\"34d9b1b\" data-element_type=\"column\">\n\t\t\t<div class=\"elementor-widget-wrap elementor-element-populated\">\n\t\t\t\t\t\t\t\t<div class=\"elementor-element elementor-element-fb8a386 elementor-widget elementor-widget-image\" data-id=\"fb8a386\" data-element_type=\"widget\" data-widget_type=\"image.default\">\n\t\t\t\t<div class=\"elementor-widget-container\">\n\t\t\t\t\t\t\t\t\t\t\t\t\t\t\t<img width=\"353\" height=\"346\" src=\"https:\/\/www.sinusarastirma.com.tr\/wp-content\/uploads\/2021\/11\/Ekran-Resmi-2021-11-07-11.24.01.png\" class=\"attachment-full size-full\" alt=\"\" loading=\"lazy\" srcset=\"https:\/\/www.sinusarastirma.com.tr\/wp-content\/uploads\/2021\/11\/Ekran-Resmi-2021-11-07-11.24.01.png 353w, https:\/\/www.sinusarastirma.com.tr\/wp-content\/uploads\/2021\/11\/Ekran-Resmi-2021-11-07-11.24.01-300x294.png 300w, https:\/\/www.sinusarastirma.com.tr\/wp-content\/uploads\/2021\/11\/Ekran-Resmi-2021-11-07-11.24.01-75x75.png 75w\" sizes=\"(max-width: 353px) 100vw, 353px\" \/>\t\t\t\t\t\t\t\t\t\t\t\t\t\t\t<\/div>\n\t\t\t\t<\/div>\n\t\t\t\t\t<\/div>\n\t\t<\/div>\n\t\t\t\t\t\t\t<\/div>\n\t\t<\/section>\n\t\t\t\t<section class=\"elementor-section elementor-inner-section elementor-element elementor-element-44b9072 elementor-reverse-tablet elementor-reverse-mobile elementor-section-boxed elementor-section-height-default elementor-section-height-default\" data-id=\"44b9072\" data-element_type=\"section\" data-settings=\"{&quot;background_background&quot;:&quot;classic&quot;,&quot;_ha_eqh_enable&quot;:false}\">\n\t\t\t\t\t\t<div class=\"elementor-container elementor-column-gap-default\">\n\t\t\t\t\t<div class=\"elementor-column elementor-col-50 elementor-inner-column elementor-element elementor-element-ba4b508\" data-id=\"ba4b508\" data-element_type=\"column\">\n\t\t\t<div class=\"elementor-widget-wrap elementor-element-populated\">\n\t\t\t\t\t\t\t\t<div class=\"elementor-element elementor-element-8f9598e elementor-widget elementor-widget-heading\" data-id=\"8f9598e\" data-element_type=\"widget\" data-widget_type=\"heading.default\">\n\t\t\t\t<div class=\"elementor-widget-container\">\n\t\t\t<h2 class=\"elementor-heading-title elementor-size-default\">Bur\u00e7in <b>SARIKAYA<\/b><\/h2>\t\t<\/div>\n\t\t\t\t<\/div>\n\t\t\t\t<div class=\"elementor-element elementor-element-e9df23b elementor-widget elementor-widget-heading\" data-id=\"e9df23b\" data-element_type=\"widget\" data-widget_type=\"heading.default\">\n\t\t\t\t<div class=\"elementor-widget-container\">\n\t\t\t<h2 class=\"elementor-heading-title elementor-size-default\">Data Analysis \/ Fieldwork Coordination \/ Data Entry <\/h2>\t\t<\/div>\n\t\t\t\t<\/div>\n\t\t\t\t<div class=\"elementor-element elementor-element-44397c4 elementor-widget elementor-widget-heading\" data-id=\"44397c4\" data-element_type=\"widget\" data-widget_type=\"heading.default\">\n\t\t\t\t<div class=\"elementor-widget-container\">\n\t\t\t<h2 class=\"elementor-heading-title elementor-size-default\">After her graduation from Istanbul University Environmental Engineering she started to work as coordinator consultant in environmental consulting sector.\n<br><br>\nShe started to work in research sector by taking the role of fieldwork coordinator in the following years.\n<br><br>\nShe has the role of data process, analysis specialist and fieldwork coordination and data entry in Sinus Research.<\/h2>\t\t<\/div>\n\t\t\t\t<\/div>\n\t\t\t\t\t<\/div>\n\t\t<\/div>\n\t\t\t\t<div class=\"elementor-column elementor-col-50 elementor-inner-column elementor-element elementor-element-b215a43\" data-id=\"b215a43\" data-element_type=\"column\">\n\t\t\t<div class=\"elementor-widget-wrap elementor-element-populated\">\n\t\t\t\t\t\t\t\t<div class=\"elementor-element elementor-element-bfbf1e9 elementor-widget elementor-widget-image\" data-id=\"bfbf1e9\" data-element_type=\"widget\" data-widget_type=\"image.default\">\n\t\t\t\t<div class=\"elementor-widget-container\">\n\t\t\t\t\t\t\t\t\t\t\t\t\t\t\t<img width=\"436\" height=\"444\" src=\"https:\/\/www.sinusarastirma.com.tr\/wp-content\/uploads\/2021\/11\/Ekran-Resmi-2021-11-07-11.26.58.png\" class=\"attachment-full size-full\" alt=\"\" loading=\"lazy\" srcset=\"https:\/\/www.sinusarastirma.com.tr\/wp-content\/uploads\/2021\/11\/Ekran-Resmi-2021-11-07-11.26.58.png 436w, https:\/\/www.sinusarastirma.com.tr\/wp-content\/uploads\/2021\/11\/Ekran-Resmi-2021-11-07-11.26.58-295x300.png 295w, https:\/\/www.sinusarastirma.com.tr\/wp-content\/uploads\/2021\/11\/Ekran-Resmi-2021-11-07-11.26.58-75x75.png 75w\" sizes=\"(max-width: 436px) 100vw, 436px\" \/>\t\t\t\t\t\t\t\t\t\t\t\t\t\t\t<\/div>\n\t\t\t\t<\/div>\n\t\t\t\t\t<\/div>\n\t\t<\/div>\n\t\t\t\t\t\t\t<\/div>\n\t\t<\/section>\n\t\t\t\t<section class=\"elementor-section elementor-inner-section elementor-element elementor-element-f91c8b6 elementor-reverse-tablet elementor-reverse-mobile elementor-section-boxed elementor-section-height-default elementor-section-height-default\" data-id=\"f91c8b6\" data-element_type=\"section\" data-settings=\"{&quot;background_background&quot;:&quot;classic&quot;,&quot;_ha_eqh_enable&quot;:false}\">\n\t\t\t\t\t\t<div class=\"elementor-container elementor-column-gap-default\">\n\t\t\t\t\t<div class=\"elementor-column elementor-col-50 elementor-inner-column elementor-element elementor-element-4101d90\" data-id=\"4101d90\" data-element_type=\"column\">\n\t\t\t<div class=\"elementor-widget-wrap elementor-element-populated\">\n\t\t\t\t\t\t\t\t<div class=\"elementor-element elementor-element-7199159 elementor-widget elementor-widget-heading\" data-id=\"7199159\" data-element_type=\"widget\" data-widget_type=\"heading.default\">\n\t\t\t\t<div class=\"elementor-widget-container\">\n\t\t\t<h2 class=\"elementor-heading-title elementor-size-default\">\u0130rem <b>G\u00fcn\u015fen<\/b><\/h2>\t\t<\/div>\n\t\t\t\t<\/div>\n\t\t\t\t<div class=\"elementor-element elementor-element-4f29b2f elementor-widget elementor-widget-heading\" data-id=\"4f29b2f\" data-element_type=\"widget\" data-widget_type=\"heading.default\">\n\t\t\t\t<div class=\"elementor-widget-container\">\n\t\t\t<h2 class=\"elementor-heading-title elementor-size-default\">Research Specialist<\/h2>\t\t<\/div>\n\t\t\t\t<\/div>\n\t\t\t\t<div class=\"elementor-element elementor-element-11323a5 elementor-widget elementor-widget-heading\" data-id=\"11323a5\" data-element_type=\"widget\" data-widget_type=\"heading.default\">\n\t\t\t\t<div class=\"elementor-widget-container\">\n\t\t\t<h2 class=\"elementor-heading-title elementor-size-default\">After graduating from \u00dcsk\u00fcdar University, Department of Psychology, she worked in research project management and field operation management in private research companies and non-governmental organisations. Her responsibilities include supervision of research processes, quality management, analysis, reporting, capacity building, ethics and data security. She has more than 5 years of qualitative and quantitative research experience with different target groups in different fields.\n<br><br>\nShe is currently working as a Research Specialist at Sin\u00fcs Research.<\/h2>\t\t<\/div>\n\t\t\t\t<\/div>\n\t\t\t\t\t<\/div>\n\t\t<\/div>\n\t\t\t\t<div class=\"elementor-column elementor-col-50 elementor-inner-column elementor-element elementor-element-30db2ed\" data-id=\"30db2ed\" data-element_type=\"column\">\n\t\t\t<div class=\"elementor-widget-wrap elementor-element-populated\">\n\t\t\t\t\t\t\t\t<div class=\"elementor-element elementor-element-3175742 elementor-widget elementor-widget-image\" data-id=\"3175742\" data-element_type=\"widget\" data-widget_type=\"image.default\">\n\t\t\t\t<div class=\"elementor-widget-container\">\n\t\t\t\t\t\t\t\t\t\t\t\t\t\t\t<img width=\"219\" height=\"282\" src=\"https:\/\/www.sinusarastirma.com.tr\/wp-content\/uploads\/2024\/04\/Ekran-Resmi-2024-04-29-13.12.44.png\" class=\"attachment-full size-full\" alt=\"\" loading=\"lazy\" \/>\t\t\t\t\t\t\t\t\t\t\t\t\t\t\t<\/div>\n\t\t\t\t<\/div>\n\t\t\t\t\t<\/div>\n\t\t<\/div>\n\t\t\t\t\t\t\t<\/div>\n\t\t<\/section>\n\t\t\t\t\t<\/div>\n\t\t<\/div>\n\t\t\t\t\t\t\t<\/div>\n\t\t<\/section>\n\t\t\t\t\t\t<\/div>\n\t\t\t\t\t<\/div>\n\t\t","protected":false},"excerpt":{"rendered":"<p>We are a team pursues endless innovation in the medical world and excited to see the positive impact and hope that each new invention creates among physicians and patient groups. Nurg\u00fcl CAMEKAN Managing Director As a founding partner of Sinus&#8230;<\/p>\n","protected":false},"author":1,"featured_media":0,"parent":0,"menu_order":0,"comment_status":"closed","ping_status":"closed","template":"elementor_header_footer","meta":[],"_links":{"self":[{"href":"https:\/\/www.sinusarastirma.com.tr\/en\/wp-json\/wp\/v2\/pages\/15561"}],"collection":[{"href":"https:\/\/www.sinusarastirma.com.tr\/en\/wp-json\/wp\/v2\/pages"}],"about":[{"href":"https:\/\/www.sinusarastirma.com.tr\/en\/wp-json\/wp\/v2\/types\/page"}],"author":[{"embeddable":true,"href":"https:\/\/www.sinusarastirma.com.tr\/en\/wp-json\/wp\/v2\/users\/1"}],"replies":[{"embeddable":true,"href":"https:\/\/www.sinusarastirma.com.tr\/en\/wp-json\/wp\/v2\/comments?post=15561"}],"version-history":[{"count":52,"href":"https:\/\/www.sinusarastirma.com.tr\/en\/wp-json\/wp\/v2\/pages\/15561\/revisions"}],"predecessor-version":[{"id":16200,"href":"https:\/\/www.sinusarastirma.com.tr\/en\/wp-json\/wp\/v2\/pages\/15561\/revisions\/16200"}],"wp:attachment":[{"href":"https:\/\/www.sinusarastirma.com.tr\/en\/wp-json\/wp\/v2\/media?parent=15561"}],"curies":[{"name":"wp","href":"https:\/\/api.w.org\/{rel}","templated":true}]}}